{"id":1365,"date":"2015-10-06T11:31:52","date_gmt":"2015-10-06T10:31:52","guid":{"rendered":"http:\/\/www.orgevalreims.org\/?page_id=1365"},"modified":"2021-04-09T17:42:26","modified_gmt":"2021-04-09T15:42:26","slug":"creadev","status":"publish","type":"page","link":"https:\/\/www.orgevalreims.org\/?page_id=1365","title":{"rendered":"CREADEV"},"content":{"rendered":"<h1 class=\"cards-entity-title cards-strong cards-text-truncate-and-wrap\">Creadev<\/h1>\n<div class=\"cards-entity-address cards-strong\">\n<div class=\"cards-text-truncate-and-wrap\">41 Rue du Docteur Albert Schweitzer<\/div>\n<div class=\"cards-text-truncate-and-wrap\">51100 Reims<\/div>\n<\/div>\n<p>06 83 12 66 91<\/p>\n<p>Notre association a pour but d&rsquo;accompagner le projet de renouvellement du quartier Orgeval de la ville de Reims.<\/p>\n<p>Pour cela, nous proposons ce site internet rempli avec les dossiers que nous avons recueilli sur la m\u00e9moire du quartier. Archives remontant \u00e0 sa construction en 1962.<\/p>\n<p>Nous organisons \u00e9galement des expositions photo ainsi que des projections d&rsquo;archive ( orgeval vu la TV, &#8230; ).<\/p>\n<p>Nous proposons enfin La Navette d&rsquo;Orgeval, un journal local sur l&rsquo;actualit\u00e9 du quartier.<\/p>\n<p>Depuis quelques ann\u00e9es maintenant, nous accompagnons le projet GRAIN D&rsquo;ORG carr\u00e9 de biodiversit\u00e9 cr\u00e9e \u00e0 Orgeval par Reims<\/p>\n<p>habitat<\/p>\n","protected":false},"excerpt":{"rendered":"<p>Creadev 41 Rue du Docteur Albert Schweitzer 51100 Reims 06 83 12 66 91 Notre association a pour but d&rsquo;accompagner le projet de renouvellement du &hellip;<\/p>\n","protected":false},"author":2,"featured_media":0,"parent":0,"menu_order":0,"comment_status":"closed","ping_status":"closed","template":"","meta":{"_themeisle_gutenberg_block_has_review":false,"footnotes":""},"class_list":["post-1365","page","type-page","status-publish","hentry"],"_links":{"self":[{"href":"https:\/\/www.orgevalreims.org\/index.php?rest_route=\/wp\/v2\/pages\/1365","targetHints":{"allow":["GET"]}}],"collection":[{"href":"https:\/\/www.orgevalreims.org\/index.php?rest_route=\/wp\/v2\/pages"}],"about":[{"href":"https:\/\/www.orgevalreims.org\/index.php?rest_route=\/wp\/v2\/types\/page"}],"author":[{"embeddable":true,"href":"https:\/\/www.orgevalreims.org\/index.php?rest_route=\/wp\/v2\/users\/2"}],"replies":[{"embeddable":true,"href":"https:\/\/www.orgevalreims.org\/index.php?rest_route=%2Fwp%2Fv2%2Fcomments&post=1365"}],"version-history":[{"count":11,"href":"https:\/\/www.orgevalreims.org\/index.php?rest_route=\/wp\/v2\/pages\/1365\/revisions"}],"predecessor-version":[{"id":5143,"href":"https:\/\/www.orgevalreims.org\/index.php?rest_route=\/wp\/v2\/pages\/1365\/revisions\/5143"}],"wp:attachment":[{"href":"https:\/\/www.orgevalreims.org\/index.php?rest_route=%2Fwp%2Fv2%2Fmedia&parent=1365"}],"curies":[{"name":"wp","href":"https:\/\/api.w.org\/{rel}","templated":true}]}}